{"id":45,"date":"2020-03-24T13:14:59","date_gmt":"2020-03-24T17:14:59","guid":{"rendered":"https:\/\/studioideachile.cl\/greenlift\/?page_id=45"},"modified":"2020-05-07T13:25:13","modified_gmt":"2020-05-07T17:25:13","slug":"auditorias-tecnicas","status":"publish","type":"page","link":"https:\/\/greenlift.cl\/?page_id=45","title":{"rendered":"Eficiencia Energ\u00e9tica"},"content":{"rendered":"\n<p>Su ascensor puede disponer de algunos componentes eficientes, por ejemplo, iluminaci\u00f3n eficiente e inteligente, un control con variador de frecuencia que suministra la energ\u00eda solo necesaria al conjunto dependiendo de la carga que lleva la cabina, sistema de regeneraci\u00f3n de energ\u00eda, etc. Todo lo anterior&nbsp; permite bajar costos , bajar el consumo&nbsp; energ\u00e9tico y colaborar con nuestro ya exigido medio ambiente.<\/p>\n","protected":false},"excerpt":{"rendered":"<p>Su ascensor puede disponer de algunos componentes eficientes, por ejemplo, iluminaci\u00f3n eficiente e inteligente, un control con variador de frecuencia que suministra la energ\u00eda solo necesaria al conjunto dependiendo de la carga que lleva la cabina, sistema de regeneraci\u00f3n de energ\u00eda, etc. Todo lo anterior&nbsp; permite bajar costos , bajar el consumo&nbsp; energ\u00e9tico y colaborar [&hellip;]<\/p>\n","protected":false},"author":1,"featured_media":60,"parent":0,"menu_order":0,"comment_status":"closed","ping_status":"closed","template":"","meta":[],"_links":{"self":[{"href":"https:\/\/greenlift.cl\/index.php?rest_route=\/wp\/v2\/pages\/45"}],"collection":[{"href":"https:\/\/greenlift.cl\/index.php?rest_route=\/wp\/v2\/pages"}],"about":[{"href":"https:\/\/greenlift.cl\/index.php?rest_route=\/wp\/v2\/types\/page"}],"author":[{"embeddable":true,"href":"https:\/\/greenlift.cl\/index.php?rest_route=\/wp\/v2\/users\/1"}],"replies":[{"embeddable":true,"href":"https:\/\/greenlift.cl\/index.php?rest_route=%2Fwp%2Fv2%2Fcomments&post=45"}],"version-history":[{"count":2,"href":"https:\/\/greenlift.cl\/index.php?rest_route=\/wp\/v2\/pages\/45\/revisions"}],"predecessor-version":[{"id":141,"href":"https:\/\/greenlift.cl\/index.php?rest_route=\/wp\/v2\/pages\/45\/revisions\/141"}],"wp:featuredmedia":[{"embeddable":true,"href":"https:\/\/greenlift.cl\/index.php?rest_route=\/wp\/v2\/media\/60"}],"wp:attachment":[{"href":"https:\/\/greenlift.cl\/index.php?rest_route=%2Fwp%2Fv2%2Fmedia&parent=45"}],"curies":[{"name":"wp","href":"https:\/\/api.w.org\/{rel}","templated":true}]}}