{"id":28,"date":"2020-03-24T16:43:55","date_gmt":"2020-03-24T16:43:55","guid":{"rendered":"https:\/\/studioideachile.cl\/greenlift\/?page_id=28"},"modified":"2020-03-24T16:43:55","modified_gmt":"2020-03-24T16:43:55","slug":"servicios","status":"publish","type":"page","link":"https:\/\/greenlift.cl\/?page_id=28","title":{"rendered":"Servicios"},"content":{"rendered":"\n<p> MANTENCI\u00d3N DE ASCENSORES  <\/p>\n\n\n\n<p>El Servicio de mantenci\u00f3n de ascensores , es una inspecci\u00f3n mensual realizada por  t\u00e9cnicos especialistas en esta labor, la cual se realiza conforme a las  pautas del fabricante de cada una de las diferentes marcas,  permiti\u00e9ndonos asegurar el funcionamiento seguro y \u00f3ptimo de los equipos  de transporte vertical. La mantenci\u00f3n preventiva de un ascensor, est\u00e1  orientado a minimizar las fallas y detenciones que pueda generar un  equipo. Al momento de firmar un contrato de mantenimiento con Green Lift , se realizar\u00e1 un completo informe , detallando un  programa de reparaci\u00f3n o mejoras con prioridades para que la comunidad  pueda realizar una organizaci\u00f3n de los costos asociados.<\/p>\n\n\n\n<p>     <\/p>\n\n\n\n<figure class=\"wp-block-image size-large\"><img loading=\"lazy\" width=\"928\" height=\"522\" src=\"https:\/\/greenlift.cl\/wp-content\/uploads\/2020\/04\/soluciones-tesa-para-la-industria-de-los-ascensores319780_crop16x9_9.jpg\" alt=\"\" class=\"wp-image-78\" srcset=\"https:\/\/greenlift.cl\/wp-content\/uploads\/2020\/04\/soluciones-tesa-para-la-industria-de-los-ascensores319780_crop16x9_9.jpg 928w, https:\/\/greenlift.cl\/wp-content\/uploads\/2020\/04\/soluciones-tesa-para-la-industria-de-los-ascensores319780_crop16x9_9-300x169.jpg 300w, https:\/\/greenlift.cl\/wp-content\/uploads\/2020\/04\/soluciones-tesa-para-la-industria-de-los-ascensores319780_crop16x9_9-768x432.jpg 768w\" sizes=\"(max-width: 928px) 100vw, 928px\" \/><\/figure>\n\n\n\n<p> <\/p>\n\n\n\n<p><a href=\"http:\/\/audycer.cl\/wp-admin\/post.php?post=27&amp;action=edit\">Editar<\/a><\/p>\n\n\n\n<h4><\/h4>\n\n\n\n<p><\/p>\n","protected":false},"excerpt":{"rendered":"<p>MANTENCI\u00d3N DE ASCENSORES El Servicio de mantenci\u00f3n de ascensores , es una inspecci\u00f3n mensual realizada por t\u00e9cnicos especialistas en esta labor, la cual se realiza conforme a las pautas del fabricante de cada una de las diferentes marcas, permiti\u00e9ndonos asegurar el funcionamiento seguro y \u00f3ptimo de los equipos de transporte vertical. La mantenci\u00f3n preventiva de [&hellip;]<\/p>\n","protected":false},"author":1,"featured_media":0,"parent":0,"menu_order":0,"comment_status":"closed","ping_status":"closed","template":"","meta":[],"_links":{"self":[{"href":"https:\/\/greenlift.cl\/index.php?rest_route=\/wp\/v2\/pages\/28"}],"collection":[{"href":"https:\/\/greenlift.cl\/index.php?rest_route=\/wp\/v2\/pages"}],"about":[{"href":"https:\/\/greenlift.cl\/index.php?rest_route=\/wp\/v2\/types\/page"}],"author":[{"embeddable":true,"href":"https:\/\/greenlift.cl\/index.php?rest_route=\/wp\/v2\/users\/1"}],"replies":[{"embeddable":true,"href":"https:\/\/greenlift.cl\/index.php?rest_route=%2Fwp%2Fv2%2Fcomments&post=28"}],"version-history":[{"count":0,"href":"https:\/\/greenlift.cl\/index.php?rest_route=\/wp\/v2\/pages\/28\/revisions"}],"wp:attachment":[{"href":"https:\/\/greenlift.cl\/index.php?rest_route=%2Fwp%2Fv2%2Fmedia&parent=28"}],"curies":[{"name":"wp","href":"https:\/\/api.w.org\/{rel}","templated":true}]}}