{"id":124,"date":"2020-05-07T12:52:43","date_gmt":"2020-05-07T16:52:43","guid":{"rendered":"http:\/\/greenlift.cl\/?page_id=124"},"modified":"2020-05-07T12:52:43","modified_gmt":"2020-05-07T16:52:43","slug":"mantencion-eficiente-de-sus-ascensores","status":"publish","type":"page","link":"https:\/\/greenlift.cl\/?page_id=124","title":{"rendered":"Mantenci\u00f3n eficiente de sus ascensores"},"content":{"rendered":"\n<p>Su ascensor puede disponer de algunos componentes eficientes, por ejemplo, iluminaci\u00f3n eficiente e inteligente, un control con variador de frecuencia que suministra la energ\u00eda solo necesaria al conjunto dependiendo de la carga que lleva la cabina, sistema de regeneraci\u00f3n de energ\u00eda, etc. Todo lo anterior\u00a0 permite bajar costos , bajar el consumo\u00a0 energ\u00e9tico y colaborar con nuestro ya exigido medio ambiente<\/p>\n\n\n\n<figure class=\"wp-block-image size-large\"><img loading=\"lazy\" width=\"1024\" height=\"337\" src=\"https:\/\/greenlift.cl\/wp-content\/uploads\/2020\/05\/eficiencia-energetica-total-1024x337.jpg\" alt=\"\" class=\"wp-image-125\" srcset=\"https:\/\/greenlift.cl\/wp-content\/uploads\/2020\/05\/eficiencia-energetica-total-1024x337.jpg 1024w, https:\/\/greenlift.cl\/wp-content\/uploads\/2020\/05\/eficiencia-energetica-total-300x99.jpg 300w, https:\/\/greenlift.cl\/wp-content\/uploads\/2020\/05\/eficiencia-energetica-total-768x253.jpg 768w, https:\/\/greenlift.cl\/wp-content\/uploads\/2020\/05\/eficiencia-energetica-total.jpg 1314w\" sizes=\"(max-width: 1024px) 100vw, 1024px\" \/><\/figure>\n","protected":false},"excerpt":{"rendered":"<p>Su ascensor puede disponer de algunos componentes eficientes, por ejemplo, iluminaci\u00f3n eficiente e inteligente, un control con variador de frecuencia que suministra la energ\u00eda solo necesaria al conjunto dependiendo de la carga que lleva la cabina, sistema de regeneraci\u00f3n de energ\u00eda, etc. Todo lo anterior\u00a0 permite bajar costos , bajar el consumo\u00a0 energ\u00e9tico y colaborar [&hellip;]<\/p>\n","protected":false},"author":1,"featured_media":0,"parent":0,"menu_order":0,"comment_status":"closed","ping_status":"closed","template":"","meta":[],"_links":{"self":[{"href":"https:\/\/greenlift.cl\/index.php?rest_route=\/wp\/v2\/pages\/124"}],"collection":[{"href":"https:\/\/greenlift.cl\/index.php?rest_route=\/wp\/v2\/pages"}],"about":[{"href":"https:\/\/greenlift.cl\/index.php?rest_route=\/wp\/v2\/types\/page"}],"author":[{"embeddable":true,"href":"https:\/\/greenlift.cl\/index.php?rest_route=\/wp\/v2\/users\/1"}],"replies":[{"embeddable":true,"href":"https:\/\/greenlift.cl\/index.php?rest_route=%2Fwp%2Fv2%2Fcomments&post=124"}],"version-history":[{"count":1,"href":"https:\/\/greenlift.cl\/index.php?rest_route=\/wp\/v2\/pages\/124\/revisions"}],"predecessor-version":[{"id":126,"href":"https:\/\/greenlift.cl\/index.php?rest_route=\/wp\/v2\/pages\/124\/revisions\/126"}],"wp:attachment":[{"href":"https:\/\/greenlift.cl\/index.php?rest_route=%2Fwp%2Fv2%2Fmedia&parent=124"}],"curies":[{"name":"wp","href":"https:\/\/api.w.org\/{rel}","templated":true}]}}